{"id":30,"date":"2026-04-07T15:03:45","date_gmt":"2026-04-07T15:03:45","guid":{"rendered":"http:\/\/kalugraff.fr\/?page_id=30"},"modified":"2026-04-07T16:28:28","modified_gmt":"2026-04-07T16:28:28","slug":"home","status":"publish","type":"page","link":"https:\/\/kalugraff.fr\/","title":{"rendered":"Home"},"content":{"rendered":"\t\t<div data-elementor-type=\"wp-page\" data-elementor-id=\"30\" class=\"elementor elementor-30\" data-elementor-post-type=\"page\">\n\t\t\t\t<div class=\"elementor-element elementor-element-489d6e2 e-con-full e-flex e-con e-parent\" data-id=\"489d6e2\" data-element_type=\"container\" data-e-type=\"container\">\n\t\t<div class=\"elementor-element elementor-element-5609a2f e-con-full e-flex e-con e-child\" data-id=\"5609a2f\" data-element_type=\"container\" data-e-type=\"container\">\n\t\t\t\t<div class=\"elementor-element elementor-element-1c72e3c elementor-widget elementor-widget-heading\" data-id=\"1c72e3c\" data-element_type=\"widget\" data-e-type=\"widget\" data-widget_type=\"heading.default\">\n\t\t\t\t\t<h1 class=\"elementor-heading-title elementor-size-default\">D\u00e9coration &amp; \u00c9v\u00e9nementiel<\/h1>\t\t\t\t<\/div>\n\t\t\t\t<\/div>\n\t\t<div class=\"elementor-element elementor-element-acc0374 e-con-full e-flex e-con e-child\" data-id=\"acc0374\" data-element_type=\"container\" data-e-type=\"container\" data-settings=\"{&quot;background_background&quot;:&quot;slideshow&quot;,&quot;background_slideshow_gallery&quot;:[{&quot;id&quot;:48,&quot;url&quot;:&quot;http:\\\/\\\/kalugraff.fr\\\/wp-content\\\/uploads\\\/2026\\\/04\\\/Lycee-Paul-Valerie-scaled.jpg&quot;},{&quot;id&quot;:49,&quot;url&quot;:&quot;http:\\\/\\\/kalugraff.fr\\\/wp-content\\\/uploads\\\/2026\\\/04\\\/Maraicher-Les-Marcels-Drome-scaled.jpg&quot;},{&quot;id&quot;:51,&quot;url&quot;:&quot;http:\\\/\\\/kalugraff.fr\\\/wp-content\\\/uploads\\\/2026\\\/04\\\/Tavern-ride-UCPA-scaled.jpg&quot;},{&quot;id&quot;:52,&quot;url&quot;:&quot;http:\\\/\\\/kalugraff.fr\\\/wp-content\\\/uploads\\\/2026\\\/04\\\/20200613_124402-1536x1152-1.jpg&quot;},{&quot;id&quot;:53,&quot;url&quot;:&quot;http:\\\/\\\/kalugraff.fr\\\/wp-content\\\/uploads\\\/2026\\\/04\\\/20200903_111502-2048x1536-1.jpg&quot;},{&quot;id&quot;:54,&quot;url&quot;:&quot;http:\\\/\\\/kalugraff.fr\\\/wp-content\\\/uploads\\\/2026\\\/04\\\/IMG_20201115_163812_273.jpg&quot;}],&quot;background_slideshow_loop&quot;:&quot;yes&quot;,&quot;background_slideshow_slide_duration&quot;:5000,&quot;background_slideshow_slide_transition&quot;:&quot;fade&quot;,&quot;background_slideshow_transition_duration&quot;:500}\">\n\t\t\t\t<\/div>\n\t\t\t\t<\/div>\n\t\t<div class=\"elementor-element elementor-element-69d3ca7 elementor-hidden-desktop elementor-hidden-tablet elementor-hidden-mobile e-flex e-con-boxed e-con e-parent\" data-id=\"69d3ca7\" data-element_type=\"container\" data-e-type=\"container\">\n\t\t\t\t\t<div class=\"e-con-inner\">\n\t\t\t\t<div class=\"elementor-element elementor-element-ecb8e31 elementor-widget elementor-widget-stratum-instagram\" data-id=\"ecb8e31\" data-element_type=\"widget\" data-e-type=\"widget\" data-widget_type=\"stratum-instagram.default\">\n\t\t\t\t\t<p><\/p>\t\t\t\t<\/div>\n\t\t\t\t\t<\/div>\n\t\t\t\t<\/div>\n\t\t\t\t<section class=\"elementor-section elementor-top-section elementor-element elementor-element-bad5f4f elementor-section-height-min-height elementor-section-boxed elementor-section-height-default elementor-section-items-middle\" data-id=\"bad5f4f\" data-element_type=\"section\" data-e-type=\"section\" data-settings=\"{&quot;background_background&quot;:&quot;classic&quot;}\">\n\t\t\t\t\t\t<div class=\"elementor-container elementor-column-gap-no\">\n\t\t\t\t\t<div class=\"elementor-column elementor-col-100 elementor-top-column elementor-element elementor-element-3eb763fa\" data-id=\"3eb763fa\" data-element_type=\"column\" data-e-type=\"column\">\n\t\t\t<div class=\"elementor-widget-wrap elementor-element-populated\">\n\t\t\t\t\t\t<section class=\"elementor-section elementor-inner-section elementor-element elementor-element-4e4e540c elementor-section-full_width elementor-section-height-default elementor-section-height-default\" data-id=\"4e4e540c\" data-element_type=\"section\" data-e-type=\"section\" data-settings=\"{&quot;background_background&quot;:&quot;classic&quot;}\">\n\t\t\t\t\t\t<div class=\"elementor-container elementor-column-gap-no\">\n\t\t\t\t\t<div class=\"elementor-column elementor-col-50 elementor-inner-column elementor-element elementor-element-291293\" data-id=\"291293\" data-element_type=\"column\" data-e-type=\"column\">\n\t\t\t<div class=\"elementor-widget-wrap elementor-element-populated\">\n\t\t\t\t\t\t<div class=\"elementor-element elementor-element-66394729 elementor-widget elementor-widget-image\" data-id=\"66394729\" data-element_type=\"widget\" data-e-type=\"widget\" data-widget_type=\"image.default\">\n\t\t\t\t\t\t\t\t\t\t\t\t\t\t\t<img decoding=\"async\" src=\"http:\/\/kalugraff.fr\/wp-content\/uploads\/elementor\/thumbs\/Cave-de-St-Pantaleon-les-vignes-6-rlnvo6hr1cjznxbwy5on1egeei6ompvdhe2toe5l6w.jpg\" title=\"Cave de St Pantale\u0301on les vignes 6\" alt=\"Cave de St Pantale\u0301on les vignes 6\" loading=\"lazy\" \/>\t\t\t\t\t\t\t\t\t\t\t\t\t\t\t<\/div>\n\t\t\t\t\t<\/div>\n\t\t<\/div>\n\t\t\t\t<div class=\"elementor-column elementor-col-50 elementor-inner-column elementor-element elementor-element-649ddaef\" data-id=\"649ddaef\" data-element_type=\"column\" data-e-type=\"column\">\n\t\t\t<div class=\"elementor-widget-wrap elementor-element-populated\">\n\t\t\t\t\t\t<div class=\"elementor-element elementor-element-22464ded elementor-widget elementor-widget-text-editor\" data-id=\"22464ded\" data-element_type=\"widget\" data-e-type=\"widget\" data-widget_type=\"text-editor.default\">\n\t\t\t\t\t\t\t\t\t<p>\u00c0 propos<\/p>\t\t\t\t\t\t\t\t<\/div>\n\t\t\t\t<div class=\"elementor-element elementor-element-78dbf541 elementor-widget elementor-widget-heading\" data-id=\"78dbf541\" data-element_type=\"widget\" data-e-type=\"widget\" data-widget_type=\"heading.default\">\n\t\t\t\t\t<h3 class=\"elementor-heading-title elementor-size-default\">Des peintures <\/br>\net du partage<\/h3>\t\t\t\t<\/div>\n\t\t\t\t<div class=\"elementor-element elementor-element-2650deaa elementor-hidden-tablet elementor-widget elementor-widget-text-editor\" data-id=\"2650deaa\" data-element_type=\"widget\" data-e-type=\"widget\" data-widget_type=\"text-editor.default\">\n\t\t\t\t\t\t\t\t\t<p class=\"p1\">Passionn\u00e9 d\u2019art de rue et j\u2019\u00e9volue dans le mouvement graffiti depuis plus de vingt ans.<\/p><p class=\"p1\">Au fil des ann\u00e9es, j\u2019ai d\u00e9velopp\u00e9 un savoir-faire qui me permet aujourd\u2019hui d\u2019intervenir sur une grande vari\u00e9t\u00e9 de projets : fresques murales, live painting, ateliers p\u00e9dagogiques ou encore d\u00e9corations sur mesure, pour les particuliers comme pour les entreprises<\/p><p>Chaque projet est pour moi une cr\u00e9ation unique, pens\u00e9e pour transformer et valoriser les espaces, en int\u00e9rieur comme en ext\u00e9rieur, mais aussi pour faire vivre l\u2019art de rue lors d\u2019\u00e9v\u00e9nements et transmettre cette discipline \u00e0 travers la pratique de la peinture en spray.<\/p>\t\t\t\t\t\t\t\t<\/div>\n\t\t\t\t<div class=\"elementor-element elementor-element-58f089c elementor-widget elementor-widget-theme-site-logo elementor-widget-image\" data-id=\"58f089c\" data-element_type=\"widget\" data-e-type=\"widget\" data-widget_type=\"theme-site-logo.default\">\n\t\t\t\t\t\t\t\t\t\t\t<a href=\"https:\/\/kalugraff.fr\">\n\t\t\t<img decoding=\"async\" width=\"300\" height=\"143\" src=\"https:\/\/kalugraff.fr\/wp-content\/uploads\/2026\/04\/Kalugraff-logo-black.svg\" class=\"attachment-full size-full wp-image-24\" alt=\"\" \/>\t\t\t\t<\/a>\n\t\t\t\t\t\t\t\t\t\t\t<\/div>\n\t\t\t\t\t<\/div>\n\t\t<\/div>\n\t\t\t\t\t<\/div>\n\t\t<\/section>\n\t\t\t\t<section class=\"elementor-section elementor-inner-section elementor-element elementor-element-7aa156e elementor-section-height-min-height elementor-section-boxed elementor-section-height-default\" data-id=\"7aa156e\" data-element_type=\"section\" data-e-type=\"section\" data-settings=\"{&quot;background_background&quot;:&quot;classic&quot;}\">\n\t\t\t\t\t\t<div class=\"elementor-container elementor-column-gap-no\">\n\t\t\t\t\t<div class=\"elementor-column elementor-col-50 elementor-inner-column elementor-element elementor-element-3d5a76b\" data-id=\"3d5a76b\" data-element_type=\"column\" data-e-type=\"column\" data-settings=\"{&quot;background_background&quot;:&quot;classic&quot;}\">\n\t\t\t<div class=\"elementor-widget-wrap elementor-element-populated\">\n\t\t\t\t\t\t<div class=\"elementor-element elementor-element-4a811cd1 elementor-widget elementor-widget-heading\" data-id=\"4a811cd1\" data-element_type=\"widget\" data-e-type=\"widget\" data-widget_type=\"heading.default\">\n\t\t\t\t\t<h3 class=\"elementor-heading-title elementor-size-default\">Envie de donner vie \u00e0 vos id\u00e9es ou juste besoin d'un renseignement ?<\/h3>\t\t\t\t<\/div>\n\t\t\t\t\t<\/div>\n\t\t<\/div>\n\t\t\t\t<div class=\"elementor-column elementor-col-50 elementor-inner-column elementor-element elementor-element-1458cf4\" data-id=\"1458cf4\" data-element_type=\"column\" data-e-type=\"column\" data-settings=\"{&quot;background_background&quot;:&quot;classic&quot;}\">\n\t\t\t<div class=\"elementor-widget-wrap elementor-element-populated\">\n\t\t\t\t\t\t<div class=\"elementor-element elementor-element-2307fb21 elementor-widget__width-auto elementor-mobile-align-center elementor-align-center elementor-widget elementor-widget-button\" data-id=\"2307fb21\" data-element_type=\"widget\" data-e-type=\"widget\" data-widget_type=\"button.default\">\n\t\t\t\t\t\t\t\t\t\t<a class=\"elementor-button elementor-button-link elementor-size-sm\" href=\"mailto:contact@kalugraff.fr\">\n\t\t\t\t\t\t<span class=\"elementor-button-content-wrapper\">\n\t\t\t\t\t\t\t\t\t<span class=\"elementor-button-text\">Contactez-moi<\/span>\n\t\t\t\t\t<\/span>\n\t\t\t\t\t<\/a>\n\t\t\t\t\t\t\t\t<\/div>\n\t\t\t\t\t<\/div>\n\t\t<\/div>\n\t\t\t\t\t<\/div>\n\t\t<\/section>\n\t\t\t\t\t<\/div>\n\t\t<\/div>\n\t\t\t\t\t<\/div>\n\t\t<\/section>\n\t\t\t\t<\/div>\n\t\t","protected":false},"excerpt":{"rendered":"<p>D\u00e9coration &amp; \u00c9v\u00e9nementiel \u00c0 propos Des peintures et du partage Passionn\u00e9 d\u2019art de rue et j\u2019\u00e9volue dans le mouvement graffiti depuis plus de vingt ans. Au fil des ann\u00e9es, j\u2019ai d\u00e9velopp\u00e9 un savoir-faire qui me permet aujourd\u2019hui d\u2019intervenir sur une grande vari\u00e9t\u00e9 de projets : fresques murales, live painting, ateliers p\u00e9dagogiques ou encore d\u00e9corations sur [&hellip;]<\/p>\n","protected":false},"author":1,"featured_media":0,"parent":0,"menu_order":0,"comment_status":"closed","ping_status":"closed","template":"","meta":{"footnotes":""},"class_list":["post-30","page","type-page","status-publish","hentry"],"_links":{"self":[{"href":"https:\/\/kalugraff.fr\/index.php\/wp-json\/wp\/v2\/pages\/30","targetHints":{"allow":["GET"]}}],"collection":[{"href":"https:\/\/kalugraff.fr\/index.php\/wp-json\/wp\/v2\/pages"}],"about":[{"href":"https:\/\/kalugraff.fr\/index.php\/wp-json\/wp\/v2\/types\/page"}],"author":[{"embeddable":true,"href":"https:\/\/kalugraff.fr\/index.php\/wp-json\/wp\/v2\/users\/1"}],"replies":[{"embeddable":true,"href":"https:\/\/kalugraff.fr\/index.php\/wp-json\/wp\/v2\/comments?post=30"}],"version-history":[{"count":64,"href":"https:\/\/kalugraff.fr\/index.php\/wp-json\/wp\/v2\/pages\/30\/revisions"}],"predecessor-version":[{"id":118,"href":"https:\/\/kalugraff.fr\/index.php\/wp-json\/wp\/v2\/pages\/30\/revisions\/118"}],"wp:attachment":[{"href":"https:\/\/kalugraff.fr\/index.php\/wp-json\/wp\/v2\/media?parent=30"}],"curies":[{"name":"wp","href":"https:\/\/api.w.org\/{rel}","templated":true}]}}